{"id":847,"date":"2021-04-23T15:17:59","date_gmt":"2021-04-23T15:17:59","guid":{"rendered":"https:\/\/design.net2rent.com\/cales\/serveis\/"},"modified":"2021-05-18T09:56:57","modified_gmt":"2021-05-18T09:56:57","slug":"serveis","status":"publish","type":"page","link":"https:\/\/www.calesbegur.com\/ca\/serveis\/","title":{"rendered":"Serveis"},"content":{"rendered":"\t\t<div data-elementor-type=\"wp-page\" data-elementor-id=\"847\" class=\"elementor elementor-847 elementor-565\" data-elementor-post-type=\"page\">\n\t\t\t\t\t\t<section class=\"elementor-section elementor-top-section elementor-element elementor-element-2df64c8 elementor-section-boxed elementor-section-height-default elementor-section-height-default\" data-id=\"2df64c8\" data-element_type=\"section\" data-e-type=\"section\">\n\t\t\t\t\t\t<div class=\"elementor-container elementor-column-gap-default\">\n\t\t\t\t\t<div class=\"elementor-column elementor-col-50 elementor-top-column elementor-element elementor-element-c74c708\" data-id=\"c74c708\" data-element_type=\"column\" data-e-type=\"column\">\n\t\t\t<div class=\"elementor-widget-wrap elementor-element-populated\">\n\t\t\t\t\t\t<div class=\"elementor-element elementor-element-bd63913 elementor-widget elementor-widget-text-editor\" data-id=\"bd63913\" data-element_type=\"widget\" data-e-type=\"widget\" data-widget_type=\"text-editor.default\">\n\t\t\t\t\t\t\t\t\t<p>Elaborem solucions a mida aplicant la nostra experi\u00e8ncia a les necessitats espec\u00edfiques dels nostres clients en els seg\u00fcents camps:<\/p>\n<ul>\n<li>Compra i venda a Begur ia la Costa Brava.<\/li>\n<li>Lloguers tur\u00edstics a Begur ia la Costa Brava.<\/li>\n<li>Aconsellem en la preparaci\u00f3 de l&#8217;habitatge per a la seva comercialitzaci\u00f3 en el mercat immobiliari, tant de lloguer com de venda, amb l&#8217;objectiu d&#8217;obtenir un canvi positiu a la seva presentaci\u00f3, per tal de fer-la m\u00e9s atractiva i ampliar les possibilitats de llogar o vendre el m\u00e9s aviat i oferir un \u00f2ptim benefici per al seu propietari.<\/li>\n<li>Lloguer de tota mena de vehicles.<\/li>\n<li>Gestoria immobili\u00e0ria: Tramitaci\u00f3 de c\u00e8dules d&#8217;habitabilitat, Certificats d&#8217;efici\u00e8ncia energ\u00e8tica, sol\u00b7licituds de NIE, ampliacions d&#8217;obra, restauraci\u00f3 d&#8217;habitatges, gesti\u00f3 de reparacions puntuals de l&#8217;habitatge, servei de jardineria , manteniment de piscines, solucions forestals etc.<\/li>\n<li>Assegurances.<\/li>\n<li>Assessorament i Finan\u00e7ament,<\/li>\n<\/ul>\n<p>Comptem amb un equip molt qualificat de col\u00b7laboradors habituals com advocats, taxadors, arquitectes, constructors, instal\u00b7ladors, assessors fiscals, etc<\/p>\n<p><strong>Per obtenir un assessorament personalitzat, constant i efectiu, COMPTI AMB NOSALTRES.<\/strong><\/p>\n\t\t\t\t\t\t\t\t<\/div>\n\t\t\t\t\t<\/div>\n\t\t<\/div>\n\t\t\t\t<div class=\"elementor-column elementor-col-50 elementor-top-column elementor-element elementor-element-37136f2\" data-id=\"37136f2\" data-element_type=\"column\" data-e-type=\"column\">\n\t\t\t<div class=\"elementor-widget-wrap elementor-element-populated\">\n\t\t\t\t\t\t<div class=\"elementor-element elementor-element-f034555 elementor-widget elementor-widget-image\" data-id=\"f034555\" data-element_type=\"widget\" data-e-type=\"widget\" data-widget_type=\"image.default\">\n\t\t\t\t\t\t\t\t\t\t\t\t\t\t\t<img fetchpriority=\"high\" decoding=\"async\" width=\"768\" height=\"890\" src=\"https:\/\/www.calesbegur.com\/wp-content\/uploads\/2021\/02\/serveis.jpg\" class=\"attachment-full size-full wp-image-850\" alt=\"Serveis de Cales Begur - Serveis Immobiliaris\" srcset=\"https:\/\/www.calesbegur.com\/wp-content\/uploads\/2021\/02\/serveis.jpg 768w, https:\/\/www.calesbegur.com\/wp-content\/uploads\/2021\/02\/serveis-259x300.jpg 259w\" sizes=\"(max-width: 768px) 100vw, 768px\" \/>\t\t\t\t\t\t\t\t\t\t\t\t\t\t\t<\/div>\n\t\t\t\t\t<\/div>\n\t\t<\/div>\n\t\t\t\t\t<\/div>\n\t\t<\/section>\n\t\t\t\t<\/div>\n\t\t","protected":false},"excerpt":{"rendered":"<p>Elaborem solucions a mida aplicant la nostra experi\u00e8ncia a les necessitats espec\u00edfiques dels nostres clients en els seg\u00fcents camps: Compra i venda a Begur ia la Costa Brava. Lloguers tur\u00edstics a Begur ia la Costa Brava. Aconsellem en la preparaci\u00f3 de l&#8217;habitatge per a la seva comercialitzaci\u00f3 en el mercat immobiliari, tant de lloguer com [&hellip;]<\/p>\n","protected":false},"author":1,"featured_media":752,"parent":0,"menu_order":0,"comment_status":"closed","ping_status":"closed","template":"","meta":{"footnotes":""},"class_list":["post-847","page","type-page","status-publish","has-post-thumbnail","hentry"],"yoast_head":"<!-- This site is optimized with the Yoast SEO plugin v27.6 - https:\/\/yoast.com\/product\/yoast-seo-wordpress\/ -->\n<title>Serveis - Cales Begur Serveis Immobiliaris<\/title>\n<meta name=\"description\" content=\"Cales Begur Serveis Immobiliaris, les ofrece los mejores servicios en venta, alquiler y mantenimiento de propiedades, en Begur y sus calas.\" \/>\n<meta name=\"robots\" content=\"index, follow, max-snippet:-1, max-image-preview:large, max-video-preview:-1\" \/>\n<link rel=\"canonical\" href=\"https:\/\/www.calesbegur.com\/ca\/serveis\/\" \/>\n<meta property=\"og:locale\" content=\"ca_ES\" \/>\n<meta property=\"og:type\" content=\"article\" \/>\n<meta property=\"og:title\" content=\"Serveis - Cales Begur Serveis Immobiliaris\" \/>\n<meta property=\"og:description\" content=\"Cales Begur Serveis Immobiliaris, les ofrece los mejores servicios en venta, alquiler y mantenimiento de propiedades, en Begur y sus calas.\" \/>\n<meta property=\"og:url\" content=\"https:\/\/www.calesbegur.com\/ca\/serveis\/\" \/>\n<meta property=\"og:site_name\" content=\"Cales Begur Serveis Immobiliaris\" \/>\n<meta property=\"article:publisher\" content=\"https:\/\/business.facebook.com\/CalesBegur\/?business_id=900213676686729\" \/>\n<meta property=\"article:modified_time\" content=\"2021-05-18T09:56:57+00:00\" \/>\n<meta property=\"og:image\" content=\"https:\/\/www.calesbegur.com\/wp-content\/uploads\/2021\/02\/rrss-calesbegur.jpg\" \/>\n\t<meta property=\"og:image:width\" content=\"1280\" \/>\n\t<meta property=\"og:image:height\" content=\"720\" \/>\n\t<meta property=\"og:image:type\" content=\"image\/jpeg\" \/>\n<meta name=\"twitter:card\" content=\"summary_large_image\" \/>\n<meta name=\"twitter:label1\" content=\"Temps estimat de lectura\" \/>\n\t<meta name=\"twitter:data1\" content=\"1 minut\" \/>\n<script type=\"application\/ld+json\" class=\"yoast-schema-graph\">{\"@context\":\"https:\\\/\\\/schema.org\",\"@graph\":[{\"@type\":\"WebPage\",\"@id\":\"https:\\\/\\\/www.calesbegur.com\\\/ca\\\/serveis\\\/\",\"url\":\"https:\\\/\\\/www.calesbegur.com\\\/ca\\\/serveis\\\/\",\"name\":\"Serveis - Cales Begur Serveis Immobiliaris\",\"isPartOf\":{\"@id\":\"https:\\\/\\\/www.calesbegur.com\\\/ca\\\/#website\"},\"primaryImageOfPage\":{\"@id\":\"https:\\\/\\\/www.calesbegur.com\\\/ca\\\/serveis\\\/#primaryimage\"},\"image\":{\"@id\":\"https:\\\/\\\/www.calesbegur.com\\\/ca\\\/serveis\\\/#primaryimage\"},\"thumbnailUrl\":\"https:\\\/\\\/www.calesbegur.com\\\/wp-content\\\/uploads\\\/2021\\\/02\\\/rrss-calesbegur.jpg\",\"datePublished\":\"2021-04-23T15:17:59+00:00\",\"dateModified\":\"2021-05-18T09:56:57+00:00\",\"description\":\"Cales Begur Serveis Immobiliaris, les ofrece los mejores servicios en venta, alquiler y mantenimiento de propiedades, en Begur y sus calas.\",\"breadcrumb\":{\"@id\":\"https:\\\/\\\/www.calesbegur.com\\\/ca\\\/serveis\\\/#breadcrumb\"},\"inLanguage\":\"ca\",\"potentialAction\":[{\"@type\":\"ReadAction\",\"target\":[\"https:\\\/\\\/www.calesbegur.com\\\/ca\\\/serveis\\\/\"]}]},{\"@type\":\"BreadcrumbList\",\"@id\":\"https:\\\/\\\/www.calesbegur.com\\\/ca\\\/serveis\\\/#breadcrumb\",\"itemListElement\":[{\"@type\":\"ListItem\",\"position\":1,\"name\":\"Inicio\",\"item\":\"https:\\\/\\\/www.calesbegur.com\\\/ca\\\/\"},{\"@type\":\"ListItem\",\"position\":2,\"name\":\"Serveis\"}]},{\"@type\":\"WebSite\",\"@id\":\"https:\\\/\\\/www.calesbegur.com\\\/ca\\\/#website\",\"url\":\"https:\\\/\\\/www.calesbegur.com\\\/ca\\\/\",\"name\":\"Cales Begur Real Estate\",\"description\":\"Alquiler tur\u00edstico en Begur y la Costa Brava\",\"publisher\":{\"@id\":\"https:\\\/\\\/www.calesbegur.com\\\/ca\\\/#organization\"},\"potentialAction\":[{\"@type\":\"SearchAction\",\"target\":{\"@type\":\"EntryPoint\",\"urlTemplate\":\"https:\\\/\\\/www.calesbegur.com\\\/resultados-busqueda-alquiler\\\/?search_text={search_term_string}\"},\"query-input\":{\"@type\":\"PropertyValueSpecification\",\"valueRequired\":true,\"valueName\":\"search_term_string\"}}],\"inLanguage\":\"ca\"},{\"@type\":\"Organization\",\"@id\":\"https:\\\/\\\/www.calesbegur.com\\\/ca\\\/#organization\",\"name\":\"calesbegur.com\",\"url\":\"https:\\\/\\\/www.calesbegur.com\\\/ca\\\/\",\"logo\":{\"@type\":\"ImageObject\",\"inLanguage\":\"ca\",\"@id\":\"https:\\\/\\\/www.calesbegur.com\\\/ca\\\/#\\\/schema\\\/logo\\\/image\\\/\",\"url\":\"https:\\\/\\\/www.calesbegur.com\\\/wp-content\\\/uploads\\\/2021\\\/01\\\/captura-de-pantalla-2019-02-19-a-las-11.34.13.png\",\"contentUrl\":\"https:\\\/\\\/www.calesbegur.com\\\/wp-content\\\/uploads\\\/2021\\\/01\\\/captura-de-pantalla-2019-02-19-a-las-11.34.13.png\",\"width\":1,\"height\":1,\"caption\":\"calesbegur.com\"},\"image\":{\"@id\":\"https:\\\/\\\/www.calesbegur.com\\\/ca\\\/#\\\/schema\\\/logo\\\/image\\\/\"},\"sameAs\":[\"https:\\\/\\\/business.facebook.com\\\/CalesBegur\\\/?business_id=900213676686729\",\"https:\\\/\\\/www.instagram.com\\\/calesbegur\\\/\",\"https:\\\/\\\/www.linkedin.com\\\/in\\\/in\u00e9s-criado-cales-begur-serveis-immobiliaris-aa7bb185\\\/\"]}]}<\/script>\n<!-- \/ Yoast SEO plugin. -->","yoast_head_json":{"title":"Serveis - Cales Begur Serveis Immobiliaris","description":"Cales Begur Serveis Immobiliaris, les ofrece los mejores servicios en venta, alquiler y mantenimiento de propiedades, en Begur y sus calas.","robots":{"index":"index","follow":"follow","max-snippet":"max-snippet:-1","max-image-preview":"max-image-preview:large","max-video-preview":"max-video-preview:-1"},"canonical":"https:\/\/www.calesbegur.com\/ca\/serveis\/","og_locale":"ca_ES","og_type":"article","og_title":"Serveis - Cales Begur Serveis Immobiliaris","og_description":"Cales Begur Serveis Immobiliaris, les ofrece los mejores servicios en venta, alquiler y mantenimiento de propiedades, en Begur y sus calas.","og_url":"https:\/\/www.calesbegur.com\/ca\/serveis\/","og_site_name":"Cales Begur Serveis Immobiliaris","article_publisher":"https:\/\/business.facebook.com\/CalesBegur\/?business_id=900213676686729","article_modified_time":"2021-05-18T09:56:57+00:00","og_image":[{"width":1280,"height":720,"url":"https:\/\/www.calesbegur.com\/wp-content\/uploads\/2021\/02\/rrss-calesbegur.jpg","type":"image\/jpeg"}],"twitter_card":"summary_large_image","twitter_misc":{"Temps estimat de lectura":"1 minut"},"schema":{"@context":"https:\/\/schema.org","@graph":[{"@type":"WebPage","@id":"https:\/\/www.calesbegur.com\/ca\/serveis\/","url":"https:\/\/www.calesbegur.com\/ca\/serveis\/","name":"Serveis - Cales Begur Serveis Immobiliaris","isPartOf":{"@id":"https:\/\/www.calesbegur.com\/ca\/#website"},"primaryImageOfPage":{"@id":"https:\/\/www.calesbegur.com\/ca\/serveis\/#primaryimage"},"image":{"@id":"https:\/\/www.calesbegur.com\/ca\/serveis\/#primaryimage"},"thumbnailUrl":"https:\/\/www.calesbegur.com\/wp-content\/uploads\/2021\/02\/rrss-calesbegur.jpg","datePublished":"2021-04-23T15:17:59+00:00","dateModified":"2021-05-18T09:56:57+00:00","description":"Cales Begur Serveis Immobiliaris, les ofrece los mejores servicios en venta, alquiler y mantenimiento de propiedades, en Begur y sus calas.","breadcrumb":{"@id":"https:\/\/www.calesbegur.com\/ca\/serveis\/#breadcrumb"},"inLanguage":"ca","potentialAction":[{"@type":"ReadAction","target":["https:\/\/www.calesbegur.com\/ca\/serveis\/"]}]},{"@type":"BreadcrumbList","@id":"https:\/\/www.calesbegur.com\/ca\/serveis\/#breadcrumb","itemListElement":[{"@type":"ListItem","position":1,"name":"Inicio","item":"https:\/\/www.calesbegur.com\/ca\/"},{"@type":"ListItem","position":2,"name":"Serveis"}]},{"@type":"WebSite","@id":"https:\/\/www.calesbegur.com\/ca\/#website","url":"https:\/\/www.calesbegur.com\/ca\/","name":"Cales Begur Real Estate","description":"Alquiler tur\u00edstico en Begur y la Costa Brava","publisher":{"@id":"https:\/\/www.calesbegur.com\/ca\/#organization"},"potentialAction":[{"@type":"SearchAction","target":{"@type":"EntryPoint","urlTemplate":"https:\/\/www.calesbegur.com\/resultados-busqueda-alquiler\/?search_text={search_term_string}"},"query-input":{"@type":"PropertyValueSpecification","valueRequired":true,"valueName":"search_term_string"}}],"inLanguage":"ca"},{"@type":"Organization","@id":"https:\/\/www.calesbegur.com\/ca\/#organization","name":"calesbegur.com","url":"https:\/\/www.calesbegur.com\/ca\/","logo":{"@type":"ImageObject","inLanguage":"ca","@id":"https:\/\/www.calesbegur.com\/ca\/#\/schema\/logo\/image\/","url":"https:\/\/www.calesbegur.com\/wp-content\/uploads\/2021\/01\/captura-de-pantalla-2019-02-19-a-las-11.34.13.png","contentUrl":"https:\/\/www.calesbegur.com\/wp-content\/uploads\/2021\/01\/captura-de-pantalla-2019-02-19-a-las-11.34.13.png","width":1,"height":1,"caption":"calesbegur.com"},"image":{"@id":"https:\/\/www.calesbegur.com\/ca\/#\/schema\/logo\/image\/"},"sameAs":["https:\/\/business.facebook.com\/CalesBegur\/?business_id=900213676686729","https:\/\/www.instagram.com\/calesbegur\/","https:\/\/www.linkedin.com\/in\/in\u00e9s-criado-cales-begur-serveis-immobiliaris-aa7bb185\/"]}]}},"_links":{"self":[{"href":"https:\/\/www.calesbegur.com\/ca\/wp-json\/wp\/v2\/pages\/847","targetHints":{"allow":["GET"]}}],"collection":[{"href":"https:\/\/www.calesbegur.com\/ca\/wp-json\/wp\/v2\/pages"}],"about":[{"href":"https:\/\/www.calesbegur.com\/ca\/wp-json\/wp\/v2\/types\/page"}],"author":[{"embeddable":true,"href":"https:\/\/www.calesbegur.com\/ca\/wp-json\/wp\/v2\/users\/1"}],"replies":[{"embeddable":true,"href":"https:\/\/www.calesbegur.com\/ca\/wp-json\/wp\/v2\/comments?post=847"}],"version-history":[{"count":5,"href":"https:\/\/www.calesbegur.com\/ca\/wp-json\/wp\/v2\/pages\/847\/revisions"}],"predecessor-version":[{"id":1086,"href":"https:\/\/www.calesbegur.com\/ca\/wp-json\/wp\/v2\/pages\/847\/revisions\/1086"}],"wp:featuredmedia":[{"embeddable":true,"href":"https:\/\/www.calesbegur.com\/ca\/wp-json\/wp\/v2\/media\/752"}],"wp:attachment":[{"href":"https:\/\/www.calesbegur.com\/ca\/wp-json\/wp\/v2\/media?parent=847"}],"curies":[{"name":"wp","href":"https:\/\/api.w.org\/{rel}","templated":true}]}}