{"id":742,"date":"2021-04-23T14:47:30","date_gmt":"2021-04-23T14:47:30","guid":{"rendered":"https:\/\/design.net2rent.com\/cales\/qui-som\/"},"modified":"2021-05-18T09:52:34","modified_gmt":"2021-05-18T09:52:34","slug":"qui-som","status":"publish","type":"page","link":"https:\/\/www.calesbegur.com\/ca\/qui-som\/","title":{"rendered":"Qui som?"},"content":{"rendered":"\t\t<div data-elementor-type=\"wp-page\" data-elementor-id=\"742\" class=\"elementor elementor-742 elementor-541\" data-elementor-post-type=\"page\">\n\t\t\t\t\t\t<section class=\"elementor-section elementor-top-section elementor-element elementor-element-4d6db92 elementor-section-boxed elementor-section-height-default elementor-section-height-default\" data-id=\"4d6db92\" data-element_type=\"section\" data-e-type=\"section\">\n\t\t\t\t\t\t<div class=\"elementor-container elementor-column-gap-default\">\n\t\t\t\t\t<div class=\"elementor-column elementor-col-100 elementor-top-column elementor-element elementor-element-203c636\" data-id=\"203c636\" data-element_type=\"column\" data-e-type=\"column\">\n\t\t\t<div class=\"elementor-widget-wrap elementor-element-populated\">\n\t\t\t\t\t\t<div class=\"elementor-element elementor-element-3c08b3d elementor-widget elementor-widget-text-editor\" data-id=\"3c08b3d\" data-element_type=\"widget\" data-e-type=\"widget\" data-widget_type=\"text-editor.default\">\n\t\t\t\t\t\t\t\t\t<p><strong>Begur<\/strong>, situat al centre de la<strong> Costa Brava<\/strong>, \u00e9s conegut com una joia dins de la comarca del Baix Empord\u00e0 sent, sens dubte, una de les zones m\u00e9s exclusives de la costa Mediterr\u00e0nia. Dins els seus principals atractius hi s\u00f3n les torres de defensa, constru\u00efdes als segles XVI i XVII i les restes del castell medieval, que domina el poble i els seus voltants, oferint una vista espectacular de les Illes Medes i el mar Mediterrani.<\/p>\n<p>A m\u00e9s de la bellesa de l&#8217;entorn, de la deliciosa cuina local i l&#8217;hospitalitat de la seva gent, els carrers de vianants de Begur el conviden a fer una passejada pel poble per admirar l&#8217;arquitectura de les elegants cases d&#8217;estil colonial, constru\u00efdes al segle XIX, quan molts ve\u00efns de Begur, al seu retorn de <strong>Cuba <\/strong>a la recerca de fortuna, van construir les seves cases a l&#8217;estil <strong>&#8220;indiano&#8221;<\/strong> tan t\u00edpic del poble.<\/p>\n\t\t\t\t\t\t\t\t<\/div>\n\t\t\t\t\t<\/div>\n\t\t<\/div>\n\t\t\t\t\t<\/div>\n\t\t<\/section>\n\t\t\t\t<section class=\"elementor-section elementor-top-section elementor-element elementor-element-f07820c elementor-section-full_width elementor-section-height-min-height elementor-section-stretched elementor-section-height-default elementor-section-items-middle\" data-id=\"f07820c\" data-element_type=\"section\" data-e-type=\"section\" data-settings=\"{&quot;stretch_section&quot;:&quot;section-stretched&quot;,&quot;background_background&quot;:&quot;classic&quot;}\">\n\t\t\t\t\t\t<div class=\"elementor-container elementor-column-gap-no\">\n\t\t\t\t\t<div class=\"elementor-column elementor-col-100 elementor-top-column elementor-element elementor-element-e89335a\" data-id=\"e89335a\" data-element_type=\"column\" data-e-type=\"column\">\n\t\t\t<div class=\"elementor-widget-wrap\">\n\t\t\t\t\t\t\t<\/div>\n\t\t<\/div>\n\t\t\t\t\t<\/div>\n\t\t<\/section>\n\t\t\t\t<section class=\"elementor-section elementor-top-section elementor-element elementor-element-e519bd9 elementor-section-boxed elementor-section-height-default elementor-section-height-default\" data-id=\"e519bd9\" data-element_type=\"section\" data-e-type=\"section\">\n\t\t\t\t\t\t<div class=\"elementor-container elementor-column-gap-default\">\n\t\t\t\t\t<div class=\"elementor-column elementor-col-100 elementor-top-column elementor-element elementor-element-e9aa1f9\" data-id=\"e9aa1f9\" data-element_type=\"column\" data-e-type=\"column\">\n\t\t\t<div class=\"elementor-widget-wrap elementor-element-populated\">\n\t\t\t\t\t\t<div class=\"elementor-element elementor-element-0c1acfe elementor-widget elementor-widget-text-editor\" data-id=\"0c1acfe\" data-element_type=\"widget\" data-e-type=\"widget\" data-widget_type=\"text-editor.default\">\n\t\t\t\t\t\t\t\t\t<p><strong>Cales Begur Serveis Immobiliaris, <\/strong>ag\u00e8ncia immobili\u00e0ria recolzada per m\u00e9s de 25 anys d&#8217;experi\u00e8ncia en el sector tur\u00edstic, li ofereix els millors serveis en la venda, lloguer vacacional i manteniment de propietats de Begur i de les zones residencials i costaneres que inclouen les cales pintoresques de Sa Riera, Sa Tuna, Aiguablava, Fornells i en les millors zones residencials de la Costa Brava.<\/p>\n\t\t\t\t\t\t\t\t<\/div>\n\t\t\t\t\t<\/div>\n\t\t<\/div>\n\t\t\t\t\t<\/div>\n\t\t<\/section>\n\t\t\t\t<section class=\"elementor-section elementor-top-section elementor-element elementor-element-4ca47cd elementor-section-boxed elementor-section-height-default elementor-section-height-default\" data-id=\"4ca47cd\" data-element_type=\"section\" data-e-type=\"section\">\n\t\t\t\t\t\t<div class=\"elementor-container elementor-column-gap-extended\">\n\t\t\t\t\t<div class=\"elementor-column elementor-col-33 elementor-top-column elementor-element elementor-element-def43af\" data-id=\"def43af\" data-element_type=\"column\" data-e-type=\"column\">\n\t\t\t<div class=\"elementor-widget-wrap elementor-element-populated\">\n\t\t\t\t\t\t<div class=\"elementor-element elementor-element-1a510a4 elementor-widget elementor-widget-image\" data-id=\"1a510a4\" data-element_type=\"widget\" data-e-type=\"widget\" data-widget_type=\"image.default\">\n\t\t\t\t\t\t\t\t\t\t\t\t\t\t\t<img fetchpriority=\"high\" decoding=\"async\" width=\"445\" height=\"296\" src=\"https:\/\/www.calesbegur.com\/wp-content\/uploads\/2021\/02\/foto_empresa.jpg\" class=\"attachment-full size-full wp-image-749\" alt=\"Cales Begur - Serveis Immobiliaris\" srcset=\"https:\/\/www.calesbegur.com\/wp-content\/uploads\/2021\/02\/foto_empresa.jpg 445w, https:\/\/www.calesbegur.com\/wp-content\/uploads\/2021\/02\/foto_empresa-300x200.jpg 300w\" sizes=\"(max-width: 445px) 100vw, 445px\" \/>\t\t\t\t\t\t\t\t\t\t\t\t\t\t\t<\/div>\n\t\t\t\t\t<\/div>\n\t\t<\/div>\n\t\t\t\t<div class=\"elementor-column elementor-col-33 elementor-top-column elementor-element elementor-element-e3d46d0\" data-id=\"e3d46d0\" data-element_type=\"column\" data-e-type=\"column\">\n\t\t\t<div class=\"elementor-widget-wrap elementor-element-populated\">\n\t\t\t\t\t\t<div class=\"elementor-element elementor-element-5f36d60 elementor-widget elementor-widget-image\" data-id=\"5f36d60\" data-element_type=\"widget\" data-e-type=\"widget\" data-widget_type=\"image.default\">\n\t\t\t\t\t\t\t\t\t\t\t\t\t\t\t<img decoding=\"async\" width=\"1024\" height=\"664\" src=\"https:\/\/www.calesbegur.com\/wp-content\/uploads\/2021\/02\/aboutus4.jpg\" class=\"attachment-full size-full wp-image-750\" alt=\"\" srcset=\"https:\/\/www.calesbegur.com\/wp-content\/uploads\/2021\/02\/aboutus4.jpg 1024w, https:\/\/www.calesbegur.com\/wp-content\/uploads\/2021\/02\/aboutus4-300x195.jpg 300w, https:\/\/www.calesbegur.com\/wp-content\/uploads\/2021\/02\/aboutus4-768x498.jpg 768w\" sizes=\"(max-width: 1024px) 100vw, 1024px\" \/>\t\t\t\t\t\t\t\t\t\t\t\t\t\t\t<\/div>\n\t\t\t\t\t<\/div>\n\t\t<\/div>\n\t\t\t\t<div class=\"elementor-column elementor-col-33 elementor-top-column elementor-element elementor-element-7fcad4a\" data-id=\"7fcad4a\" data-element_type=\"column\" data-e-type=\"column\">\n\t\t\t<div class=\"elementor-widget-wrap elementor-element-populated\">\n\t\t\t\t\t\t<div class=\"elementor-element elementor-element-503ee62 elementor-widget elementor-widget-image\" data-id=\"503ee62\" data-element_type=\"widget\" data-e-type=\"widget\" data-widget_type=\"image.default\">\n\t\t\t\t\t\t\t\t\t\t\t\t\t\t\t<img decoding=\"async\" width=\"1024\" height=\"664\" src=\"https:\/\/www.calesbegur.com\/wp-content\/uploads\/2021\/02\/aboutus5.jpg\" class=\"attachment-full size-full wp-image-751\" alt=\"Cales Begur - Serveis Immobiliaris\" srcset=\"https:\/\/www.calesbegur.com\/wp-content\/uploads\/2021\/02\/aboutus5.jpg 1024w, https:\/\/www.calesbegur.com\/wp-content\/uploads\/2021\/02\/aboutus5-300x195.jpg 300w, https:\/\/www.calesbegur.com\/wp-content\/uploads\/2021\/02\/aboutus5-768x498.jpg 768w\" sizes=\"(max-width: 1024px) 100vw, 1024px\" \/>\t\t\t\t\t\t\t\t\t\t\t\t\t\t\t<\/div>\n\t\t\t\t\t<\/div>\n\t\t<\/div>\n\t\t\t\t\t<\/div>\n\t\t<\/section>\n\t\t\t\t<section class=\"elementor-section elementor-top-section elementor-element elementor-element-a84b764 elementor-section-boxed elementor-section-height-default elementor-section-height-default\" data-id=\"a84b764\" data-element_type=\"section\" data-e-type=\"section\">\n\t\t\t\t\t\t<div class=\"elementor-container elementor-column-gap-default\">\n\t\t\t\t\t<div class=\"elementor-column elementor-col-100 elementor-top-column elementor-element elementor-element-3279388\" data-id=\"3279388\" data-element_type=\"column\" data-e-type=\"column\">\n\t\t\t<div class=\"elementor-widget-wrap elementor-element-populated\">\n\t\t\t\t\t\t<div class=\"elementor-element elementor-element-e8096ac elementor-widget elementor-widget-text-editor\" data-id=\"e8096ac\" data-element_type=\"widget\" data-e-type=\"widget\" data-widget_type=\"text-editor.default\">\n\t\t\t\t\t\t\t\t\t<p>Som una empresa experta en gestions immobili\u00e0ries enfocada a satisfer les necessitats del mercat immobiliari nacional i internacional sobre la base de l&#8217;experi\u00e8ncia personal, t\u00e8cnica i professional, amb la voluntat de donar resposta als nostres clients. No dubti en posar-se en contacte amb nosaltres. Estarem encantats de oferir-li un assessorament professional i amable en tots els nostres serveis.<\/p>\n\t\t\t\t\t\t\t\t<\/div>\n\t\t\t\t<div class=\"elementor-element elementor-element-de0984e elementor-widget elementor-widget-heading\" data-id=\"de0984e\" data-element_type=\"widget\" data-e-type=\"widget\" data-widget_type=\"heading.default\">\n\t\t\t\t\t<h2 class=\"elementor-heading-title elementor-size-default\">Benvinguts al cor de la Costa Brava.<\/h2>\t\t\t\t<\/div>\n\t\t\t\t\t<\/div>\n\t\t<\/div>\n\t\t\t\t\t<\/div>\n\t\t<\/section>\n\t\t\t\t<\/div>\n\t\t","protected":false},"excerpt":{"rendered":"<p>Begur, situat al centre de la Costa Brava, \u00e9s conegut com una joia dins de la comarca del Baix Empord\u00e0 sent, sens dubte, una de les zones m\u00e9s exclusives de la costa Mediterr\u00e0nia. Dins els seus principals atractius hi s\u00f3n les torres de defensa, constru\u00efdes als segles XVI i XVII i les restes del castell [&hellip;]<\/p>\n","protected":false},"author":1,"featured_media":747,"parent":0,"menu_order":0,"comment_status":"closed","ping_status":"closed","template":"","meta":{"footnotes":""},"class_list":["post-742","page","type-page","status-publish","has-post-thumbnail","hentry"],"yoast_head":"<!-- This site is optimized with the Yoast SEO plugin v27.6 - https:\/\/yoast.com\/product\/yoast-seo-wordpress\/ -->\n<title>Qui som? - Cales Begur Serveis Immobiliaris<\/title>\n<meta name=\"description\" content=\"Cales Begur Serveis Immobiliaris, les ofrece los mejores servicios en venta, alquiler y mantenimiento de propiedades, en Begur y sus calas.\" \/>\n<meta name=\"robots\" content=\"index, follow, max-snippet:-1, max-image-preview:large, max-video-preview:-1\" \/>\n<link rel=\"canonical\" href=\"https:\/\/www.calesbegur.com\/ca\/quienes-somos\/\" \/>\n<meta property=\"og:locale\" content=\"ca_ES\" \/>\n<meta property=\"og:type\" content=\"article\" \/>\n<meta property=\"og:title\" content=\"Qui som? - Cales Begur Serveis Immobiliaris\" \/>\n<meta property=\"og:description\" content=\"Cales Begur Serveis Immobiliaris, les ofrece los mejores servicios en venta, alquiler y mantenimiento de propiedades, en Begur y sus calas.\" \/>\n<meta property=\"og:url\" content=\"https:\/\/www.calesbegur.com\/quienes-somos\/\" \/>\n<meta property=\"og:site_name\" content=\"Cales Begur Serveis Immobiliaris\" \/>\n<meta property=\"article:publisher\" content=\"https:\/\/business.facebook.com\/CalesBegur\/?business_id=900213676686729\" \/>\n<meta property=\"article:modified_time\" content=\"2021-05-18T09:52:34+00:00\" \/>\n<meta property=\"og:image\" content=\"https:\/\/www.calesbegur.com\/wp-content\/uploads\/2021\/02\/rrss-calesbegur.jpg\" \/>\n\t<meta property=\"og:image:width\" content=\"1280\" \/>\n\t<meta property=\"og:image:height\" content=\"720\" \/>\n\t<meta property=\"og:image:type\" content=\"image\/jpeg\" \/>\n<meta name=\"twitter:card\" content=\"summary_large_image\" \/>\n<meta name=\"twitter:label1\" content=\"Temps estimat de lectura\" \/>\n\t<meta name=\"twitter:data1\" content=\"2 minuts\" \/>\n<script type=\"application\/ld+json\" class=\"yoast-schema-graph\">{\"@context\":\"https:\\\/\\\/schema.org\",\"@graph\":[{\"@type\":\"WebPage\",\"@id\":\"https:\\\/\\\/www.calesbegur.com\\\/ca\\\/qui-som\\\/\",\"url\":\"https:\\\/\\\/www.calesbegur.com\\\/quienes-somos\\\/\",\"name\":\"Qui som? - Cales Begur Serveis Immobiliaris\",\"isPartOf\":{\"@id\":\"https:\\\/\\\/www.calesbegur.com\\\/ca\\\/#website\"},\"primaryImageOfPage\":{\"@id\":\"https:\\\/\\\/www.calesbegur.com\\\/quienes-somos\\\/#primaryimage\"},\"image\":{\"@id\":\"https:\\\/\\\/www.calesbegur.com\\\/quienes-somos\\\/#primaryimage\"},\"thumbnailUrl\":\"https:\\\/\\\/www.calesbegur.com\\\/wp-content\\\/uploads\\\/2021\\\/02\\\/rrss-calesbegur.jpg\",\"datePublished\":\"2021-04-23T14:47:30+00:00\",\"dateModified\":\"2021-05-18T09:52:34+00:00\",\"description\":\"Cales Begur Serveis Immobiliaris, les ofrece los mejores servicios en venta, alquiler y mantenimiento de propiedades, en Begur y sus calas.\",\"breadcrumb\":{\"@id\":\"https:\\\/\\\/www.calesbegur.com\\\/quienes-somos\\\/#breadcrumb\"},\"inLanguage\":\"ca\",\"potentialAction\":[{\"@type\":\"ReadAction\",\"target\":[\"https:\\\/\\\/www.calesbegur.com\\\/quienes-somos\\\/\"]}]},{\"@type\":\"BreadcrumbList\",\"@id\":\"https:\\\/\\\/www.calesbegur.com\\\/quienes-somos\\\/#breadcrumb\",\"itemListElement\":[{\"@type\":\"ListItem\",\"position\":1,\"name\":\"Inicio\",\"item\":\"https:\\\/\\\/www.calesbegur.com\\\/ca\\\/\"},{\"@type\":\"ListItem\",\"position\":2,\"name\":\"Qui som?\"}]},{\"@type\":\"WebSite\",\"@id\":\"https:\\\/\\\/www.calesbegur.com\\\/ca\\\/#website\",\"url\":\"https:\\\/\\\/www.calesbegur.com\\\/ca\\\/\",\"name\":\"Cales Begur Real Estate\",\"description\":\"Alquiler tur\u00edstico en Begur y la Costa Brava\",\"publisher\":{\"@id\":\"https:\\\/\\\/www.calesbegur.com\\\/ca\\\/#organization\"},\"potentialAction\":[{\"@type\":\"SearchAction\",\"target\":{\"@type\":\"EntryPoint\",\"urlTemplate\":\"https:\\\/\\\/www.calesbegur.com\\\/resultados-busqueda-alquiler\\\/?search_text={search_term_string}\"},\"query-input\":{\"@type\":\"PropertyValueSpecification\",\"valueRequired\":true,\"valueName\":\"search_term_string\"}}],\"inLanguage\":\"ca\"},{\"@type\":\"Organization\",\"@id\":\"https:\\\/\\\/www.calesbegur.com\\\/ca\\\/#organization\",\"name\":\"calesbegur.com\",\"url\":\"https:\\\/\\\/www.calesbegur.com\\\/ca\\\/\",\"logo\":{\"@type\":\"ImageObject\",\"inLanguage\":\"ca\",\"@id\":\"https:\\\/\\\/www.calesbegur.com\\\/ca\\\/#\\\/schema\\\/logo\\\/image\\\/\",\"url\":\"https:\\\/\\\/www.calesbegur.com\\\/wp-content\\\/uploads\\\/2021\\\/01\\\/captura-de-pantalla-2019-02-19-a-las-11.34.13.png\",\"contentUrl\":\"https:\\\/\\\/www.calesbegur.com\\\/wp-content\\\/uploads\\\/2021\\\/01\\\/captura-de-pantalla-2019-02-19-a-las-11.34.13.png\",\"width\":1,\"height\":1,\"caption\":\"calesbegur.com\"},\"image\":{\"@id\":\"https:\\\/\\\/www.calesbegur.com\\\/ca\\\/#\\\/schema\\\/logo\\\/image\\\/\"},\"sameAs\":[\"https:\\\/\\\/business.facebook.com\\\/CalesBegur\\\/?business_id=900213676686729\",\"https:\\\/\\\/www.instagram.com\\\/calesbegur\\\/\",\"https:\\\/\\\/www.linkedin.com\\\/in\\\/in\u00e9s-criado-cales-begur-serveis-immobiliaris-aa7bb185\\\/\"]}]}<\/script>\n<!-- \/ Yoast SEO plugin. -->","yoast_head_json":{"title":"Qui som? - Cales Begur Serveis Immobiliaris","description":"Cales Begur Serveis Immobiliaris, les ofrece los mejores servicios en venta, alquiler y mantenimiento de propiedades, en Begur y sus calas.","robots":{"index":"index","follow":"follow","max-snippet":"max-snippet:-1","max-image-preview":"max-image-preview:large","max-video-preview":"max-video-preview:-1"},"canonical":"https:\/\/www.calesbegur.com\/ca\/quienes-somos\/","og_locale":"ca_ES","og_type":"article","og_title":"Qui som? - Cales Begur Serveis Immobiliaris","og_description":"Cales Begur Serveis Immobiliaris, les ofrece los mejores servicios en venta, alquiler y mantenimiento de propiedades, en Begur y sus calas.","og_url":"https:\/\/www.calesbegur.com\/quienes-somos\/","og_site_name":"Cales Begur Serveis Immobiliaris","article_publisher":"https:\/\/business.facebook.com\/CalesBegur\/?business_id=900213676686729","article_modified_time":"2021-05-18T09:52:34+00:00","og_image":[{"width":1280,"height":720,"url":"https:\/\/www.calesbegur.com\/wp-content\/uploads\/2021\/02\/rrss-calesbegur.jpg","type":"image\/jpeg"}],"twitter_card":"summary_large_image","twitter_misc":{"Temps estimat de lectura":"2 minuts"},"schema":{"@context":"https:\/\/schema.org","@graph":[{"@type":"WebPage","@id":"https:\/\/www.calesbegur.com\/ca\/qui-som\/","url":"https:\/\/www.calesbegur.com\/quienes-somos\/","name":"Qui som? - Cales Begur Serveis Immobiliaris","isPartOf":{"@id":"https:\/\/www.calesbegur.com\/ca\/#website"},"primaryImageOfPage":{"@id":"https:\/\/www.calesbegur.com\/quienes-somos\/#primaryimage"},"image":{"@id":"https:\/\/www.calesbegur.com\/quienes-somos\/#primaryimage"},"thumbnailUrl":"https:\/\/www.calesbegur.com\/wp-content\/uploads\/2021\/02\/rrss-calesbegur.jpg","datePublished":"2021-04-23T14:47:30+00:00","dateModified":"2021-05-18T09:52:34+00:00","description":"Cales Begur Serveis Immobiliaris, les ofrece los mejores servicios en venta, alquiler y mantenimiento de propiedades, en Begur y sus calas.","breadcrumb":{"@id":"https:\/\/www.calesbegur.com\/quienes-somos\/#breadcrumb"},"inLanguage":"ca","potentialAction":[{"@type":"ReadAction","target":["https:\/\/www.calesbegur.com\/quienes-somos\/"]}]},{"@type":"BreadcrumbList","@id":"https:\/\/www.calesbegur.com\/quienes-somos\/#breadcrumb","itemListElement":[{"@type":"ListItem","position":1,"name":"Inicio","item":"https:\/\/www.calesbegur.com\/ca\/"},{"@type":"ListItem","position":2,"name":"Qui som?"}]},{"@type":"WebSite","@id":"https:\/\/www.calesbegur.com\/ca\/#website","url":"https:\/\/www.calesbegur.com\/ca\/","name":"Cales Begur Real Estate","description":"Alquiler tur\u00edstico en Begur y la Costa Brava","publisher":{"@id":"https:\/\/www.calesbegur.com\/ca\/#organization"},"potentialAction":[{"@type":"SearchAction","target":{"@type":"EntryPoint","urlTemplate":"https:\/\/www.calesbegur.com\/resultados-busqueda-alquiler\/?search_text={search_term_string}"},"query-input":{"@type":"PropertyValueSpecification","valueRequired":true,"valueName":"search_term_string"}}],"inLanguage":"ca"},{"@type":"Organization","@id":"https:\/\/www.calesbegur.com\/ca\/#organization","name":"calesbegur.com","url":"https:\/\/www.calesbegur.com\/ca\/","logo":{"@type":"ImageObject","inLanguage":"ca","@id":"https:\/\/www.calesbegur.com\/ca\/#\/schema\/logo\/image\/","url":"https:\/\/www.calesbegur.com\/wp-content\/uploads\/2021\/01\/captura-de-pantalla-2019-02-19-a-las-11.34.13.png","contentUrl":"https:\/\/www.calesbegur.com\/wp-content\/uploads\/2021\/01\/captura-de-pantalla-2019-02-19-a-las-11.34.13.png","width":1,"height":1,"caption":"calesbegur.com"},"image":{"@id":"https:\/\/www.calesbegur.com\/ca\/#\/schema\/logo\/image\/"},"sameAs":["https:\/\/business.facebook.com\/CalesBegur\/?business_id=900213676686729","https:\/\/www.instagram.com\/calesbegur\/","https:\/\/www.linkedin.com\/in\/in\u00e9s-criado-cales-begur-serveis-immobiliaris-aa7bb185\/"]}]}},"_links":{"self":[{"href":"https:\/\/www.calesbegur.com\/ca\/wp-json\/wp\/v2\/pages\/742","targetHints":{"allow":["GET"]}}],"collection":[{"href":"https:\/\/www.calesbegur.com\/ca\/wp-json\/wp\/v2\/pages"}],"about":[{"href":"https:\/\/www.calesbegur.com\/ca\/wp-json\/wp\/v2\/types\/page"}],"author":[{"embeddable":true,"href":"https:\/\/www.calesbegur.com\/ca\/wp-json\/wp\/v2\/users\/1"}],"replies":[{"embeddable":true,"href":"https:\/\/www.calesbegur.com\/ca\/wp-json\/wp\/v2\/comments?post=742"}],"version-history":[{"count":4,"href":"https:\/\/www.calesbegur.com\/ca\/wp-json\/wp\/v2\/pages\/742\/revisions"}],"predecessor-version":[{"id":1076,"href":"https:\/\/www.calesbegur.com\/ca\/wp-json\/wp\/v2\/pages\/742\/revisions\/1076"}],"wp:featuredmedia":[{"embeddable":true,"href":"https:\/\/www.calesbegur.com\/ca\/wp-json\/wp\/v2\/media\/747"}],"wp:attachment":[{"href":"https:\/\/www.calesbegur.com\/ca\/wp-json\/wp\/v2\/media?parent=742"}],"curies":[{"name":"wp","href":"https:\/\/api.w.org\/{rel}","templated":true}]}}